{"id":11,"date":"2025-02-26T10:55:42","date_gmt":"2025-02-26T10:55:42","guid":{"rendered":"https:\/\/kimmolaitinen.fi\/?page_id=11"},"modified":"2026-03-27T06:38:58","modified_gmt":"2026-03-27T06:38:58","slug":"etusivu","status":"publish","type":"page","link":"https:\/\/kimmolaitinen.fi\/","title":{"rendered":"Sparraaja ja innovaattori"},"content":{"rendered":"\n<p><strong>Tervetuloa sivuilleni!<\/strong><\/p>\n\n\n\n<p>Hei! Olen Kimmo Laitinen, Tampereella asuva perheenis\u00e4 ja toimitusjohtaja. <\/p>\n\n\n\n<hr class=\"wp-block-separator has-alpha-channel-opacity\"\/>\n\n\n\n<p><strong>Minusta<\/strong><\/p>\n\n\n\n<p>Olen kotoisin Lepp\u00e4virralta ja kasvanut yritt\u00e4j\u00e4perheess\u00e4, mik\u00e4 on opettanut minulle ty\u00f6n arvon ja yhteis\u00f6n merkityksen. Asun Tampereella vaimoni ja kahden poikamme kanssa. Vapaa-ajallani nautin liikunnasta, erityisesti hiihdosta, juoksusta, py\u00f6r\u00e4ilyst\u00e4 ja sulkapallosta.<\/p>\n\n\n\n<figure class=\"wp-block-image size-large\"><img loading=\"lazy\" decoding=\"async\" width=\"768\" height=\"1024\" src=\"https:\/\/kimmolaitinen.fi\/wp-content\/uploads\/2025\/02\/Hiihto-768x1024.jpg\" alt=\"\" class=\"wp-image-18\" srcset=\"https:\/\/kimmolaitinen.fi\/wp-content\/uploads\/2025\/02\/Hiihto-768x1024.jpg 768w, https:\/\/kimmolaitinen.fi\/wp-content\/uploads\/2025\/02\/Hiihto-225x300.jpg 225w, https:\/\/kimmolaitinen.fi\/wp-content\/uploads\/2025\/02\/Hiihto-1152x1536.jpg 1152w, https:\/\/kimmolaitinen.fi\/wp-content\/uploads\/2025\/02\/Hiihto-1536x2048.jpg 1536w, https:\/\/kimmolaitinen.fi\/wp-content\/uploads\/2025\/02\/Hiihto-scaled.jpg 1920w\" sizes=\"auto, (max-width: 767px) 89vw, (max-width: 1000px) 54vw, (max-width: 1071px) 543px, 580px\" \/><\/figure>\n\n\n\n<p><strong>Ammatillinen taustani<\/strong><\/p>\n\n\n\n<p>Johdan SunUra Oy:t\u00e4 (entinen osakas; yrityskauppa 2019) ja kehit\u00e4n ratkaisuja, jotka edist\u00e4v\u00e4t ty\u00f6tt\u00f6mien ty\u00f6llistymist\u00e4. Ty\u00f6ni on tunnustettu <a href=\"https:\/\/kasvuopen.co\/vuoden-2022-vastuullisuusteko-tunnustus-sunura-oylle\/\" target=\"_blank\" rel=\"noreferrer noopener\">Vuoden 2022 #vastuullisuusteko-palkinnolla<\/a>.<\/p>\n\n\n\n<p>Lis\u00e4ksi olen toiminut Mielen ry:ss\u00e4 kasvupalvelujohtajana sek\u00e4 Tokmanni Oy:ss\u00e4 ja Bovallius-Palvelut Oy:ss\u00e4 projektip\u00e4\u00e4llikk\u00f6n\u00e4. Tuomi Logistiikka Oy:n hallituksen j\u00e4senen\u00e4 olen toiminut jo viisi vuotta, ja vuonna 2025 aloitin Tampereen ty\u00f6valmennuss\u00e4\u00e4ti\u00f6 Sykkeen hallituksessa.<\/p>\n\n\n\n<hr class=\"wp-block-separator has-alpha-channel-opacity\"\/>\n\n\n\n<blockquote class=\"wp-block-quote is-layout-flow wp-block-quote-is-layout-flow\">\n<p class=\"has-text-align-center\"><em>&#8221;T\u00e4ss\u00e4 yrityksess\u00e4 (SunUra oy:ss\u00e4) todella ratkotaan yhteiskunnallisesti vaikeaa ongelmaa eli vaikeasti ty\u00f6llistyvi\u00e4 autetaan p\u00e4\u00e4sem\u00e4\u00e4n kiinni ty\u00f6el\u00e4m\u00e4\u00e4n.&#8221;<\/em><\/p>\n\n\n\n<p class=\"has-text-align-center\"><strong>Kasvu open tuomariston j\u00e4sen<\/strong>&nbsp;<strong>Merja Rahkola-Toivanen<\/strong><\/p>\n<\/blockquote>\n\n\n\n<p><strong>Koulutukseni<\/strong><\/p>\n\n\n\n<ul class=\"wp-block-list\">\n<li>Ammatillinen opettajankoulutus, 2026-2027 (HAMK)<\/li>\n\n\n\n<li>Ylempi ammattikorkeakoulututkinto (YAMK), liiketoiminnan kehitt\u00e4minen 2025 (HAMK)<\/li>\n\n\n\n<li>Neuropsykiatrinen valmentaja 2024<\/li>\n\n\n\n<li>HHJ-tutkinto 2023<\/li>\n\n\n\n<li>Tradenomi laskenta ja rahoitus 2011 (HAMK)<\/li>\n\n\n\n<li>Automaatioasentaja 2003 (Savon ammattiopisto)<\/li>\n<\/ul>\n\n\n\n<figure class=\"wp-block-image size-large\"><img loading=\"lazy\" decoding=\"async\" width=\"1024\" height=\"635\" src=\"https:\/\/kimmolaitinen.fi\/wp-content\/uploads\/2025\/02\/Kasvuopen2022-1024x635.png\" alt=\"\" class=\"wp-image-33\" srcset=\"https:\/\/kimmolaitinen.fi\/wp-content\/uploads\/2025\/02\/Kasvuopen2022-1024x635.png 1024w, https:\/\/kimmolaitinen.fi\/wp-content\/uploads\/2025\/02\/Kasvuopen2022-300x186.png 300w, https:\/\/kimmolaitinen.fi\/wp-content\/uploads\/2025\/02\/Kasvuopen2022-768x476.png 768w, https:\/\/kimmolaitinen.fi\/wp-content\/uploads\/2025\/02\/Kasvuopen2022-1536x953.png 1536w, https:\/\/kimmolaitinen.fi\/wp-content\/uploads\/2025\/02\/Kasvuopen2022.png 1569w\" sizes=\"auto, (max-width: 767px) 89vw, (max-width: 1000px) 54vw, (max-width: 1071px) 543px, 580px\" \/><\/figure>\n\n\n\n<p><\/p>\n\n\n\n<p><strong>Miksi min\u00e4<\/strong>?<\/p>\n\n\n\n<p><strong>Sitkeytt\u00e4 ja tuloksia vaikeissakin paikoissa<\/strong><br>Olen parhaimmillani silloin, kun tarvitaan korjausta, k\u00e4ynnistyst\u00e4 ja kasvua. Saan asiat liikkeelle ja tuon tuloksia \u2013 siit\u00e4 kertovat my\u00f6s vahvat n\u00e4yt\u00f6t ty\u00f6el\u00e4m\u00e4ss\u00e4. Omaan hyv\u00e4n ihmistuntemuksen ja osaan johtaa ihmisi\u00e4. Kest\u00e4n painetta ja tuon peliin luovuuden sek\u00e4 vahvat neuvottelutaidot. Avoimuus ja luotettavuus ovat tekemiseni ydin.<\/p>\n\n\n\n<p><\/p>\n\n\n\n<hr class=\"wp-block-separator has-alpha-channel-opacity\"\/>\n\n\n\n<p><strong>Ajankohtaista<\/strong> &#8211; Ty\u00f6el\u00e4m\u00e4n realismi podcast-jakso<\/p>\n\n\n\n<p>Ty\u00f6el\u00e4m\u00e4 on t\u00e4ynn\u00e4 erilaisia ihmisi\u00e4, haasteita ja mahdollisuuksia. T\u00e4ss\u00e4 jaksossa psykologi Nina Lyytinen keskustelee ty\u00f6el\u00e4m\u00e4n odotuksista, t\u00e4sm\u00e4ty\u00f6kykyisyydest\u00e4 ja ty\u00f6hyvinvoinnista SunUra Oy:n Kimmo Laitisen, Marko J\u00e4\u00e4skel\u00e4isen ja Ville-Matti Vilkan kanssa.<\/p>\n\n\n\n<p>Kuuntele jakso ja syvenny ty\u00f6el\u00e4m\u00e4n monimuotoisuuteen!<\/p>\n\n\n\n<figure class=\"wp-block-embed is-type-rich is-provider-spotify wp-block-embed-spotify wp-embed-aspect-21-9 wp-has-aspect-ratio\"><div class=\"wp-block-embed__wrapper\">\n<iframe title=\"Spotify Embed: 176. Ty\u00f6el\u00e4m\u00e4n realismi. Vieraina Kimmo Laitinen, Marko J\u00e4\u00e4skel\u00e4inen ja Ville-Matti Vilkka.\" style=\"border-radius: 12px\" width=\"100%\" height=\"152\" frameborder=\"0\" allowfullscreen allow=\"autoplay; clipboard-write; encrypted-media; fullscreen; picture-in-picture\" loading=\"lazy\" src=\"https:\/\/open.spotify.com\/embed\/episode\/1stk9k6wBEeuMUiJ3zWHAf?si=HAIt99c_TfOIrpncWmd_hg&#038;utm_source=oembed\"><\/iframe>\n<\/div><\/figure>\n\n\n\n<hr class=\"wp-block-separator has-alpha-channel-opacity\"\/>\n\n\n\n<p><strong>Ota yhteytt\u00e4<\/strong><\/p>\n\n\n\n<p>Ota yhteytt\u00e4, kun kaipaat tuoreita ideoita tai sparrausta; teen lis\u00e4ksi puhujakeikkoja.<\/p>\n\n\n\n<p>Email: kimmolaitinenk@gmail.com<\/p>\n\n\n\n<p>Puhelin: <strong>044 974 3236<\/strong><\/p>\n\n\n\n<ul class=\"wp-block-list\">\n<li><strong>Instagram:<\/strong> <a href=\"https:\/\/www.instagram.com\/kimmo__laitinen?igsh=ZGd6c3B5OWV0MDc4\" target=\"_blank\" rel=\"noreferrer noopener\">@kimmo_laitinen<\/a><\/li>\n\n\n\n<li><strong>LinkedIn:<\/strong> <a href=\"https:\/\/www.linkedin.com\/in\/kimmo-laitinen\" target=\"_blank\" rel=\"noreferrer noopener\">Kimmo Laitinen<\/a><\/li>\n<\/ul>\n\n\n\n<figure class=\"wp-block-image size-large\"><img loading=\"lazy\" decoding=\"async\" width=\"768\" height=\"1024\" src=\"https:\/\/kimmolaitinen.fi\/wp-content\/uploads\/2025\/02\/Kimmo-Laitinen-10X15-768x1024.jpg\" alt=\"\" class=\"wp-image-19\" srcset=\"https:\/\/kimmolaitinen.fi\/wp-content\/uploads\/2025\/02\/Kimmo-Laitinen-10X15-768x1024.jpg 768w, https:\/\/kimmolaitinen.fi\/wp-content\/uploads\/2025\/02\/Kimmo-Laitinen-10X15-225x300.jpg 225w, https:\/\/kimmolaitinen.fi\/wp-content\/uploads\/2025\/02\/Kimmo-Laitinen-10X15-1152x1536.jpg 1152w, https:\/\/kimmolaitinen.fi\/wp-content\/uploads\/2025\/02\/Kimmo-Laitinen-10X15.jpg 1350w\" sizes=\"auto, (max-width: 767px) 89vw, (max-width: 1000px) 54vw, (max-width: 1071px) 543px, 580px\" \/><\/figure>\n","protected":false},"excerpt":{"rendered":"<p>Tervetuloa sivuilleni! Hei! Olen Kimmo Laitinen, Tampereella asuva perheenis\u00e4 ja toimitusjohtaja. Minusta Olen kotoisin Lepp\u00e4virralta ja kasvanut yritt\u00e4j\u00e4perheess\u00e4, mik\u00e4 on opettanut minulle ty\u00f6n arvon ja yhteis\u00f6n merkityksen. Asun Tampereella vaimoni ja kahden poikamme kanssa. Vapaa-ajallani nautin liikunnasta, erityisesti hiihdosta, juoksusta, py\u00f6r\u00e4ilyst\u00e4 ja sulkapallosta. Ammatillinen taustani Johdan SunUra Oy:t\u00e4 (entinen osakas; yrityskauppa 2019) ja kehit\u00e4n ratkaisuja, &hellip; <\/p>\n<p class=\"link-more\"><a href=\"https:\/\/kimmolaitinen.fi\/\" class=\"more-link\">Jatka lukemista<span class=\"screen-reader-text\"> &#8221;Sparraaja ja innovaattori&#8221;<\/span><\/a><\/p>\n","protected":false},"author":1,"featured_media":0,"parent":0,"menu_order":0,"comment_status":"closed","ping_status":"closed","template":"","meta":{"footnotes":""},"class_list":["post-11","page","type-page","status-publish","hentry"],"_links":{"self":[{"href":"https:\/\/kimmolaitinen.fi\/index.php\/wp-json\/wp\/v2\/pages\/11","targetHints":{"allow":["GET"]}}],"collection":[{"href":"https:\/\/kimmolaitinen.fi\/index.php\/wp-json\/wp\/v2\/pages"}],"about":[{"href":"https:\/\/kimmolaitinen.fi\/index.php\/wp-json\/wp\/v2\/types\/page"}],"author":[{"embeddable":true,"href":"https:\/\/kimmolaitinen.fi\/index.php\/wp-json\/wp\/v2\/users\/1"}],"replies":[{"embeddable":true,"href":"https:\/\/kimmolaitinen.fi\/index.php\/wp-json\/wp\/v2\/comments?post=11"}],"version-history":[{"count":69,"href":"https:\/\/kimmolaitinen.fi\/index.php\/wp-json\/wp\/v2\/pages\/11\/revisions"}],"predecessor-version":[{"id":125,"href":"https:\/\/kimmolaitinen.fi\/index.php\/wp-json\/wp\/v2\/pages\/11\/revisions\/125"}],"wp:attachment":[{"href":"https:\/\/kimmolaitinen.fi\/index.php\/wp-json\/wp\/v2\/media?parent=11"}],"curies":[{"name":"wp","href":"https:\/\/api.w.org\/{rel}","templated":true}]}}